{"id":3846,"date":"2025-10-08T11:32:36","date_gmt":"2025-10-08T09:32:36","guid":{"rendered":"https:\/\/se7energia.com\/?page_id=3846"},"modified":"2026-04-23T14:26:46","modified_gmt":"2026-04-23T12:26:46","slug":"employment-channel","status":"publish","type":"page","link":"https:\/\/gruposet.com\/en\/employment-channel\/","title":{"rendered":"Employment channel"},"content":{"rendered":"<div data-elementor-type=\"wp-page\" data-elementor-id=\"3846\" class=\"elementor elementor-3846\" data-elementor-post-type=\"page\">\n\t\t\t\t<div class=\"elementor-element elementor-element-879078e e-con-full cabeceras e-flex e-con e-parent\" data-id=\"879078e\" data-element_type=\"container\" data-settings=\"{&quot;background_background&quot;:&quot;classic&quot;}\">\n\t\t\t\t<\/div>\n\t\t<div class=\"elementor-element elementor-element-089db35 e-con-full e-flex e-con e-parent\" data-id=\"089db35\" data-element_type=\"container\" id=\"footer\" data-settings=\"{&quot;background_background&quot;:&quot;classic&quot;}\">\n\t\t<div class=\"elementor-element elementor-element-971bd2c e-con-full e-flex e-con e-child\" data-id=\"971bd2c\" data-element_type=\"container\">\n\t\t\t\t<div class=\"elementor-element elementor-element-f8359cc elementor-widget__width-initial elementor-widget elementor-widget-heading\" data-id=\"f8359cc\" data-element_type=\"widget\" data-widget_type=\"heading.default\">\n\t\t\t\t<div class=\"elementor-widget-container\">\n\t\t\t\t\t<h3 class=\"elementor-heading-title elementor-size-default\">Employment channel<\/h3>\t\t\t\t<\/div>\n\t\t\t\t<\/div>\n\t\t\t\t<div class=\"elementor-element elementor-element-2c16bc8 gmail_default elementor-invisible elementor-widget elementor-widget-text-editor\" data-id=\"2c16bc8\" data-element_type=\"widget\" data-settings=\"{&quot;_animation&quot;:&quot;fadeInUp&quot;}\" data-widget_type=\"text-editor.default\">\n\t\t\t\t<div class=\"elementor-widget-container\">\n\t\t\t\t\t\t\t\t\t<p>Fill in our form and we will contact you.<\/p>\t\t\t\t\t\t\t\t<\/div>\n\t\t\t\t<\/div>\n\t\t\t\t<\/div>\n\t\t<div class=\"elementor-element elementor-element-8d727eb e-con-full e-flex e-con e-child\" data-id=\"8d727eb\" data-element_type=\"container\">\n\t\t\t\t<div class=\"elementor-element elementor-element-415285c copyright elementor-button-align-stretch elementor-widget elementor-widget-form\" data-id=\"415285c\" data-element_type=\"widget\" data-settings=\"{&quot;button_width&quot;:&quot;100&quot;,&quot;step_type&quot;:&quot;number_text&quot;,&quot;step_icon_shape&quot;:&quot;circle&quot;}\" data-widget_type=\"form.default\">\n\t\t\t\t<div class=\"elementor-widget-container\">\n\t\t\t\t\t\t\t<form class=\"elementor-form\" method=\"post\" name=\"New Form\" action=\"\">\n\t\t\t<input type=\"hidden\" name=\"post_id\" value=\"3846\"\/>\n\t\t\t<input type=\"hidden\" name=\"form_id\" value=\"415285c\"\/>\n\t\t\t<input type=\"hidden\" name=\"referer_title\" value=\"\" \/>\n\n\t\t\t\n\t\t\t<div class=\"elementor-form-fields-wrapper elementor-labels-\">\n\t\t\t\t\t\t\t\t<div class=\"elementor-field-type-text elementor-field-group elementor-column elementor-field-group-name elementor-col-50 elementor-field-required\">\n\t\t\t\t\t\t\t\t\t\t\t\t\t<input size=\"1\" type=\"text\" name=\"form_fields[name]\" id=\"form-field-name\" class=\"elementor-field elementor-size-sm  elementor-field-textual\" placeholder=\"Name*\" required=\"required\">\n\t\t\t\t\t\t\t\t\t\t\t<\/div>\n\t\t\t\t\t\t\t\t<div class=\"elementor-field-type-text elementor-field-group elementor-column elementor-field-group-field_9a6d709 elementor-col-50 elementor-field-required\">\n\t\t\t\t\t\t\t\t\t\t\t\t\t<input size=\"1\" type=\"text\" name=\"form_fields[field_9a6d709]\" id=\"form-field-field_9a6d709\" class=\"elementor-field elementor-size-sm  elementor-field-textual\" placeholder=\"Surname*\" required=\"required\">\n\t\t\t\t\t\t\t\t\t\t\t<\/div>\n\t\t\t\t\t\t\t\t<div class=\"elementor-field-type-text elementor-field-group elementor-column elementor-field-group-field_0965d82 elementor-col-100 elementor-field-required\">\n\t\t\t\t\t\t\t\t\t\t\t\t\t<input size=\"1\" type=\"text\" name=\"form_fields[field_0965d82]\" id=\"form-field-field_0965d82\" class=\"elementor-field elementor-size-sm  elementor-field-textual\" placeholder=\"Population\" required=\"required\">\n\t\t\t\t\t\t\t\t\t\t\t<\/div>\n\t\t\t\t\t\t\t\t<div class=\"elementor-field-type-tel elementor-field-group elementor-column elementor-field-group-email elementor-col-100 elementor-field-required\">\n\t\t\t\t\t\t\t<input size=\"1\" type=\"tel\" name=\"form_fields[email]\" id=\"form-field-email\" class=\"elementor-field elementor-size-sm  elementor-field-textual\" placeholder=\"Telephone\" required=\"required\" pattern=\"[0-9()#&amp;+*-=.]+\" title=\"Only numbers and phone characters (#, -, *, etc) are accepted.\">\n\n\t\t\t\t\t\t<\/div>\n\t\t\t\t\t\t\t\t<div class=\"elementor-field-type-email elementor-field-group elementor-column elementor-field-group-field_8e1c724 elementor-col-100 elementor-field-required\">\n\t\t\t\t\t\t\t\t\t\t\t\t\t<input size=\"1\" type=\"email\" name=\"form_fields[field_8e1c724]\" id=\"form-field-field_8e1c724\" class=\"elementor-field elementor-size-sm  elementor-field-textual\" placeholder=\"Email\" required=\"required\">\n\t\t\t\t\t\t\t\t\t\t\t<\/div>\n\t\t\t\t\t\t\t\t<div class=\"elementor-field-type-textarea elementor-field-group elementor-column elementor-field-group-texto elementor-col-100 elementor-field-required\">\n\t\t\t\t\t<textarea class=\"elementor-field-textual elementor-field  elementor-size-sm\" name=\"form_fields[texto]\" id=\"form-field-texto\" rows=\"4\" placeholder=\"Tell us something about yourself*.\" required=\"required\"><\/textarea>\t\t\t\t<\/div>\n\t\t\t\t\t\t\t\t<div class=\"elementor-field-type-acceptance elementor-field-group elementor-column elementor-field-group-privacidad elementor-col-100 elementor-field-required\">\n\t\t\t\t\t\t\t<div class=\"elementor-field-subgroup\">\n\t\t\t<span class=\"elementor-field-option\">\n\t\t\t\t<input type=\"checkbox\" name=\"form_fields[privacidad]\" id=\"form-field-privacidad\" class=\"elementor-field elementor-size-sm  elementor-acceptance-field\" required=\"required\">\n\t\t\t\t<label for=\"form-field-privacidad\">I have read and accept the <a href=\"\/en\/privacy-policy\/\">Privacy Policy<\/a><\/label>\t\t\t<\/span>\n\t\t<\/div>\n\t\t\t\t\t\t<\/div>\n\t\t\t\t\t\t\t\t<div class=\"elementor-field-type-html elementor-field-group elementor-column elementor-field-group-field_53d0652 elementor-col-100\">\n\t\t\t\t\tEn cumplimiento de lo dispuesto en el nuevo Reglamento General de Protecci\u00f3n de Datos RGPD\n2016\/679 del Parlamento Europeo y del Consejo de 27 de abril de 2016, le informamos que el\nResponsable de datos es GRUPO SET con CIF B07027592, y con domicilio en la Carretera\nS\u00f3ller 297 \u2013 07120 \u2013 Palma de Mallorca, info@gruposet.com. Los datos se tratan con la finalidad de\nAtender su solicitud y enviarle comunicaciones comerciales; Legitimaci\u00f3n: Ejecuci\u00f3n de un contrato,\nconsentimiento del interesado; Destinatarios: No se ceder\u00e1n datos a terceros, salvo obligaci\u00f3n legal;\nDerechos: Tiene derecho a acceder, rectificar y suprimir los datos, as\u00ed como otros derechos, indicados en\nla informaci\u00f3n adicional, que puede ejercer dirigi\u00e9ndose a la direcci\u00f3n del responsable del tratamiento;\nProcedencia: El propio interesado; Informaci\u00f3n adicional: Solicit\u00e1ndola a trav\u00e9s del env\u00edo de un correo a\n<a mailto:info@gruposet.com>info@gruposet.com<\/a><br>\n\nInformaci\u00f3n b\u00e1sica en protecci\u00f3n de datos.- Conforme al RGPD y la LOPDGDD, GRUPO SET\ntratar\u00e1 los datos facilitados, con la finalidad de contestar o gestionar las sugerencias, quejas,\nreclamaciones y\/o quejas sobre el Canal \u00c9tico planteadas a trav\u00e9s del presente formulario y facilitar la\ninformaci\u00f3n solicitada. Podr\u00e1 ejercer, si lo desea, los derechos de acceso, rectificaci\u00f3n, supresi\u00f3n, y\ndem\u00e1s reconocidos en la normativa mencionada. Para obtener m\u00e1s informaci\u00f3n acerca de c\u00f3mo estamos\ntratando sus datos, acceda a nuestra <a href=\"\/en\/privacy-policy\/\">privacy policy.<\/a>\t\t\t\t<\/div>\n\t\t\t\t\t\t\t\t<div class=\"elementor-field-group elementor-column elementor-field-type-submit elementor-col-100 e-form__buttons\">\n\t\t\t\t\t<button class=\"elementor-button elementor-size-lg\" type=\"submit\">\n\t\t\t\t\t\t<span class=\"elementor-button-content-wrapper\">\n\t\t\t\t\t\t\t\t\t\t\t\t\t\t\t\t\t\t\t\t\t\t<span class=\"elementor-button-text\">Send<\/span>\n\t\t\t\t\t\t\t\t\t\t\t\t\t<\/span>\n\t\t\t\t\t<\/button>\n\t\t\t\t<\/div>\n\t\t\t<\/div>\n\t\t<input type=\"hidden\" name=\"trp-form-language\" value=\"en\"\/><\/form>\n\t\t\t\t\t\t<\/div>\n\t\t\t\t<\/div>\n\t\t\t\t<\/div>\n\t\t\t\t<\/div>\n\t\t\t\t<\/div>","protected":false},"excerpt":{"rendered":"<p>Canal de empleo Rellena nuestro formulario y nos pondremos en contacto.<\/p>","protected":false},"author":1,"featured_media":0,"parent":0,"menu_order":0,"comment_status":"closed","ping_status":"closed","template":"","meta":{"_acf_changed":false,"footnotes":""},"class_list":["post-3846","page","type-page","status-publish","hentry"],"acf":[],"_links":{"self":[{"href":"https:\/\/gruposet.com\/en\/wp-json\/wp\/v2\/pages\/3846","targetHints":{"allow":["GET"]}}],"collection":[{"href":"https:\/\/gruposet.com\/en\/wp-json\/wp\/v2\/pages"}],"about":[{"href":"https:\/\/gruposet.com\/en\/wp-json\/wp\/v2\/types\/page"}],"author":[{"embeddable":true,"href":"https:\/\/gruposet.com\/en\/wp-json\/wp\/v2\/users\/1"}],"replies":[{"embeddable":true,"href":"https:\/\/gruposet.com\/en\/wp-json\/wp\/v2\/comments?post=3846"}],"version-history":[{"count":28,"href":"https:\/\/gruposet.com\/en\/wp-json\/wp\/v2\/pages\/3846\/revisions"}],"predecessor-version":[{"id":4064,"href":"https:\/\/gruposet.com\/en\/wp-json\/wp\/v2\/pages\/3846\/revisions\/4064"}],"wp:attachment":[{"href":"https:\/\/gruposet.com\/en\/wp-json\/wp\/v2\/media?parent=3846"}],"curies":[{"name":"wp","href":"https:\/\/api.w.org\/{rel}","templated":true}]}}