{"id":3794,"date":"2025-10-08T08:38:05","date_gmt":"2025-10-08T06:38:05","guid":{"rendered":"https:\/\/se7energia.com\/?page_id=3794"},"modified":"2026-04-23T14:32:04","modified_gmt":"2026-04-23T12:32:04","slug":"code-of-ethics-and-conduct","status":"publish","type":"page","link":"https:\/\/gruposet.com\/en\/code-of-ethics-and-conduct\/","title":{"rendered":"Code of ethics and conduct"},"content":{"rendered":"<div data-elementor-type=\"wp-page\" data-elementor-id=\"3794\" class=\"elementor elementor-3794\" data-elementor-post-type=\"page\">\n\t\t\t\t<div class=\"elementor-element elementor-element-879078e e-con-full cabeceras e-flex e-con e-parent\" data-id=\"879078e\" data-element_type=\"container\" data-settings=\"{&quot;background_background&quot;:&quot;classic&quot;}\">\n\t\t\t\t<\/div>\n\t\t<div class=\"elementor-element elementor-element-192131f e-con-full e-flex e-con e-parent\" data-id=\"192131f\" data-element_type=\"container\">\n\t\t\t\t<div class=\"elementor-element elementor-element-e0cfeb0 elementor-widget__width-initial elementor-widget-tablet__width-inherit elementor-invisible elementor-widget elementor-widget-heading\" data-id=\"e0cfeb0\" data-element_type=\"widget\" data-settings=\"{&quot;_animation&quot;:&quot;fadeInUp&quot;}\" data-widget_type=\"heading.default\">\n\t\t\t\t<div class=\"elementor-widget-container\">\n\t\t\t\t\t<h2 class=\"elementor-heading-title elementor-size-default\">Code of ethics and conduct<\/h2>\t\t\t\t<\/div>\n\t\t\t\t<\/div>\n\t\t\t\t<div class=\"elementor-element elementor-element-a99a814 elementor-invisible elementor-widget elementor-widget-text-editor\" data-id=\"a99a814\" data-element_type=\"widget\" data-settings=\"{&quot;_animation&quot;:&quot;fadeInUp&quot;}\" data-widget_type=\"text-editor.default\">\n\t\t\t\t<div class=\"elementor-widget-container\">\n\t\t\t\t\t\t\t\t\t<p>Our Code of Ethics and Conduct sets out the values, principles and standards of behaviour of<strong> SET Group <\/strong>governing relations with its main stakeholders.<\/p><p>The Code of Ethics and Conduct is mandatory for employees and collaborators, as it is an essential element to strengthen our culture based on business excellence.<\/p>\t\t\t\t\t\t\t\t<\/div>\n\t\t\t\t<\/div>\n\t\t\t\t<div class=\"elementor-element elementor-element-035b3c2 elementor-widget elementor-widget-button\" data-id=\"035b3c2\" data-element_type=\"widget\" data-widget_type=\"button.default\">\n\t\t\t\t<div class=\"elementor-widget-container\">\n\t\t\t\t\t\t\t\t\t<div class=\"elementor-button-wrapper\">\n\t\t\t\t\t<a class=\"elementor-button elementor-button-link elementor-size-sm\" href=\"https:\/\/gruposet.com\/wp-content\/uploads\/2025\/10\/CODIGO-ETICO-Y-DE-CONDUCTA-SE7ENERGIA.pdf\">\n\t\t\t\t\t\t<span class=\"elementor-button-content-wrapper\">\n\t\t\t\t\t\t<span class=\"elementor-button-icon\">\n\t\t\t\t<svg xmlns=\"http:\/\/www.w3.org\/2000\/svg\" width=\"40\" height=\"40\" viewbox=\"0 0 40 40\" fill=\"none\"><path d=\"M6.66406 28.334V31.6673C6.66406 32.5514 7.01525 33.3992 7.64037 34.0243C8.26549 34.6495 9.11334 35.0007 9.9974 35.0007H29.9974C30.8815 35.0007 31.7293 34.6495 32.3544 34.0243C32.9795 33.3992 33.3307 32.5514 33.3307 31.6673V28.334\" stroke=\"black\" stroke-width=\"1.66667\" stroke-linecap=\"round\" stroke-linejoin=\"round\"><\/path><path d=\"M11.6641 18.334L19.9974 26.6673L28.3307 18.334\" stroke=\"black\" stroke-width=\"1.66667\" stroke-linecap=\"round\" stroke-linejoin=\"round\"><\/path><path d=\"M20 6.66602V26.666\" stroke=\"black\" stroke-width=\"1.66667\" stroke-linecap=\"round\" stroke-linejoin=\"round\"><\/path><\/svg>\t\t\t<\/span>\n\t\t\t\t\t\t\t\t\t<span class=\"elementor-button-text\">Code of Ethics and Conduct<\/span>\n\t\t\t\t\t<\/span>\n\t\t\t\t\t<\/a>\n\t\t\t\t<\/div>\n\t\t\t\t\t\t\t\t<\/div>\n\t\t\t\t<\/div>\n\t\t\t\t<div class=\"elementor-element elementor-element-6646dda elementor-widget__width-initial elementor-widget-tablet__width-inherit elementor-invisible elementor-widget elementor-widget-heading\" data-id=\"6646dda\" data-element_type=\"widget\" data-settings=\"{&quot;_animation&quot;:&quot;fadeInUp&quot;}\" data-widget_type=\"heading.default\">\n\t\t\t\t<div class=\"elementor-widget-container\">\n\t\t\t\t\t<h2 class=\"elementor-heading-title elementor-size-default\">Ethical channel<\/h2>\t\t\t\t<\/div>\n\t\t\t\t<\/div>\n\t\t\t\t<div class=\"elementor-element elementor-element-dfd89ce elementor-invisible elementor-widget elementor-widget-text-editor\" data-id=\"dfd89ce\" data-element_type=\"widget\" data-settings=\"{&quot;_animation&quot;:&quot;fadeInUp&quot;}\" data-widget_type=\"text-editor.default\">\n\t\t\t\t<div class=\"elementor-widget-container\">\n\t\t\t\t\t\t\t\t\t<p><strong>Con el objetivo de favorecer el cumplimiento del C\u00f3digo \u00c9tico, Grupo SET ha creado el Canal \u00c9tico.<\/strong> This is a secure communication channel that promotes direct communication with the Social Responsibility Committee.<\/p><p>A trav\u00e9s de este canal, toda persona que tenga relaci\u00f3n con Grupo SET puede realizar sus consultas o denuncias, relativas a posibles irregularidades en el cumplimiento del C\u00f3digo \u00c9tico y de Conducta y Protocolo de acoso laboral. Todas las consultas o denuncias recibidas ser\u00e1n gestionadas por el Comit\u00e9 de Responsabilidad Social.<\/p><p>The Social Responsibility Committee is an independent body, and its members are bound by the principles of honour, confidentiality, objectivity, autonomy and non-retaliation. The complaint must contain:<\/p><ul><li><strong>Identification,<\/strong> if you wish to receive a personalised reply or follow-up, you must indicate your name, surname and contact details.<\/li><li><strong>As detailed a description of the consultation as possible,<\/strong> circumstances of the conduct or situation that is the subject of the complaint.<\/li><li><strong>As far as possible,<\/strong> indication or provision of supporting evidence, clues or supporting data.<\/li><\/ul>\t\t\t\t\t\t\t\t<\/div>\n\t\t\t\t<\/div>\n\t\t\t\t<\/div>\n\t\t\t\t<\/div>","protected":false},"excerpt":{"rendered":"<p>C\u00f3digo \u00e9tico y de conducta Nuestro C\u00f3digo \u00c9tico y de Conducta recoge los valores, principios y normas de comportamiento de Grupo SET que rigen las relaciones con sus principales grupos de inter\u00e9s. El C\u00f3digo \u00c9tico y de Conducta es de obligado cumplimiento para empleados y colaboradores, ya que es un elemento imprescindible para afianzar nuestra [&hellip;]<\/p>","protected":false},"author":1,"featured_media":0,"parent":0,"menu_order":0,"comment_status":"closed","ping_status":"closed","template":"","meta":{"_acf_changed":false,"footnotes":""},"class_list":["post-3794","page","type-page","status-publish","hentry"],"acf":[],"_links":{"self":[{"href":"https:\/\/gruposet.com\/en\/wp-json\/wp\/v2\/pages\/3794","targetHints":{"allow":["GET"]}}],"collection":[{"href":"https:\/\/gruposet.com\/en\/wp-json\/wp\/v2\/pages"}],"about":[{"href":"https:\/\/gruposet.com\/en\/wp-json\/wp\/v2\/types\/page"}],"author":[{"embeddable":true,"href":"https:\/\/gruposet.com\/en\/wp-json\/wp\/v2\/users\/1"}],"replies":[{"embeddable":true,"href":"https:\/\/gruposet.com\/en\/wp-json\/wp\/v2\/comments?post=3794"}],"version-history":[{"count":16,"href":"https:\/\/gruposet.com\/en\/wp-json\/wp\/v2\/pages\/3794\/revisions"}],"predecessor-version":[{"id":4070,"href":"https:\/\/gruposet.com\/en\/wp-json\/wp\/v2\/pages\/3794\/revisions\/4070"}],"wp:attachment":[{"href":"https:\/\/gruposet.com\/en\/wp-json\/wp\/v2\/media?parent=3794"}],"curies":[{"name":"wp","href":"https:\/\/api.w.org\/{rel}","templated":true}]}}