{"id":1747,"date":"2024-09-04T19:00:21","date_gmt":"2024-09-04T17:00:21","guid":{"rendered":"https:\/\/se7energia.trezeideas.dev\/?page_id=1747"},"modified":"2026-04-23T14:25:11","modified_gmt":"2026-04-23T12:25:11","slug":"legal-notice","status":"publish","type":"page","link":"https:\/\/gruposet.com\/en\/legal-notice\/","title":{"rendered":"Legal note"},"content":{"rendered":"<div data-elementor-type=\"wp-page\" data-elementor-id=\"1747\" class=\"elementor elementor-1747\" data-elementor-post-type=\"page\">\n\t\t\t\t<div class=\"elementor-element elementor-element-486f1a5 e-con-full cabeceras e-flex e-con e-parent\" data-id=\"486f1a5\" data-element_type=\"container\" data-settings=\"{&quot;background_background&quot;:&quot;classic&quot;}\">\n\t\t\t\t<\/div>\n\t\t<div class=\"elementor-element elementor-element-c685b3f bloques e-con-full e-flex e-con e-parent\" data-id=\"c685b3f\" data-element_type=\"container\">\n\t\t\t\t<div class=\"elementor-element elementor-element-384f351 elementor-invisible elementor-widget elementor-widget-text-editor\" data-id=\"384f351\" data-element_type=\"widget\" data-settings=\"{&quot;_animation&quot;:&quot;fadeInUp&quot;}\" data-widget_type=\"text-editor.default\">\n\t\t\t\t<div class=\"elementor-widget-container\">\n\t\t\t\t\t\t\t\t\t<p>El GRUPO SET se compromete a mantener este sitio web actualizado y preciso. Si, a pesar de todo, encontrara algo incorrecto o desactualizado, le agradecer\u00edamos que nos lo hiciera saber. Por favor, indique en qu\u00e9 parte del sitio web ha le\u00eddo la informaci\u00f3n. Entonces lo examinaremos lo antes posible. Por favor, env\u00ede su duda por correo electr\u00f3nico a: <a href=\"mailto:info@gruposet.com\" target=\"_blank\" rel=\"noopener noreferrer\" aria-haspopup=\"menu\" aria-describedby=\"sk-tooltip-1829\">info@gruposet.com<\/a>.<\/p><p>We are not responsible for any loss resulting from inaccuracies or incompleteness, nor for any loss resulting from problems caused by or inherent in the dissemination of information via the Internet, such as disruptions or interruptions.<\/p><p>Todos los derechos de propiedad intelectual sobre el contenido de este sitio web pertenecen a GRUPO SET.<\/p><p>La copia, difusi\u00f3n y cualquier otro uso de estos materiales no est\u00e1 permitido sin el permiso escrito de GRUPO SET, excepto y s\u00f3lo en la medida en que se estipule lo contrario en los reglamentos de la ley obligatoria (como el derecho a cotizar), a menos que el contenido espec\u00edfico dicte lo contrario.<\/p><p>If you have any questions or issues regarding the website's accessibility, please feel free to contact us.<\/p>\t\t\t\t\t\t\t\t<\/div>\n\t\t\t\t<\/div>\n\t\t\t\t<div class=\"elementor-element elementor-element-021595f elementor-widget__width-initial elementor-widget-tablet__width-inherit elementor-invisible elementor-widget elementor-widget-heading\" data-id=\"021595f\" data-element_type=\"widget\" data-settings=\"{&quot;_animation&quot;:&quot;fadeInUp&quot;}\" data-widget_type=\"heading.default\">\n\t\t\t\t<div class=\"elementor-widget-container\">\n\t\t\t\t\t<h2 class=\"elementor-heading-title elementor-size-default\">Legal note<\/h2>\t\t\t\t<\/div>\n\t\t\t\t<\/div>\n\t\t\t\t<\/div>\n\t\t\t\t<\/div>","protected":false},"excerpt":{"rendered":"<p>SET GROUP is committed to keeping this website up to date and accurate. Should you nevertheless find anything incorrect or out of date, we would be grateful if you would let us know. Please indicate where on the website you have read the information. We will then look into it as soon as possible. Please send us your question by [...]<\/p>","protected":false},"author":1,"featured_media":0,"parent":0,"menu_order":0,"comment_status":"closed","ping_status":"closed","template":"","meta":{"_acf_changed":false,"footnotes":""},"class_list":["post-1747","page","type-page","status-publish","hentry"],"acf":[],"_links":{"self":[{"href":"https:\/\/gruposet.com\/en\/wp-json\/wp\/v2\/pages\/1747","targetHints":{"allow":["GET"]}}],"collection":[{"href":"https:\/\/gruposet.com\/en\/wp-json\/wp\/v2\/pages"}],"about":[{"href":"https:\/\/gruposet.com\/en\/wp-json\/wp\/v2\/types\/page"}],"author":[{"embeddable":true,"href":"https:\/\/gruposet.com\/en\/wp-json\/wp\/v2\/users\/1"}],"replies":[{"embeddable":true,"href":"https:\/\/gruposet.com\/en\/wp-json\/wp\/v2\/comments?post=1747"}],"version-history":[{"count":22,"href":"https:\/\/gruposet.com\/en\/wp-json\/wp\/v2\/pages\/1747\/revisions"}],"predecessor-version":[{"id":4061,"href":"https:\/\/gruposet.com\/en\/wp-json\/wp\/v2\/pages\/1747\/revisions\/4061"}],"wp:attachment":[{"href":"https:\/\/gruposet.com\/en\/wp-json\/wp\/v2\/media?parent=1747"}],"curies":[{"name":"wp","href":"https:\/\/api.w.org\/{rel}","templated":true}]}}