{"id":1020,"date":"2024-08-26T18:23:48","date_gmt":"2024-08-26T16:23:48","guid":{"rendered":"https:\/\/se7energia.trezeideas.dev\/?page_id=1020"},"modified":"2026-04-23T14:24:54","modified_gmt":"2026-04-23T12:24:54","slug":"privacy-policy","status":"publish","type":"page","link":"https:\/\/gruposet.com\/en\/privacy-policy\/","title":{"rendered":"Privacy policy"},"content":{"rendered":"<div data-elementor-type=\"wp-page\" data-elementor-id=\"1020\" class=\"elementor elementor-1020\" data-elementor-post-type=\"page\">\n\t\t\t\t<div class=\"elementor-element elementor-element-c1675a0 e-con-full cabeceras e-flex e-con e-parent\" data-id=\"c1675a0\" data-element_type=\"container\" data-settings=\"{&quot;background_background&quot;:&quot;classic&quot;}\">\n\t\t\t\t<\/div>\n\t\t<div class=\"elementor-element elementor-element-a0b29a8 bloques e-con-full e-flex e-con e-parent\" data-id=\"a0b29a8\" data-element_type=\"container\">\n\t\t\t\t<div class=\"elementor-element elementor-element-4242146 elementor-widget__width-initial elementor-widget-tablet__width-inherit elementor-invisible elementor-widget elementor-widget-heading\" data-id=\"4242146\" data-element_type=\"widget\" data-settings=\"{&quot;_animation&quot;:&quot;fadeInUp&quot;}\" data-widget_type=\"heading.default\">\n\t\t\t\t<div class=\"elementor-widget-container\">\n\t\t\t\t\t<h2 class=\"elementor-heading-title elementor-size-default\">Privacy policy<\/h2>\t\t\t\t<\/div>\n\t\t\t\t<\/div>\n\t\t\t\t<div class=\"elementor-element elementor-element-d4b3769 elementor-invisible elementor-widget elementor-widget-text-editor\" data-id=\"d4b3769\" data-element_type=\"widget\" data-settings=\"{&quot;_animation&quot;:&quot;fadeInUp&quot;}\" data-widget_type=\"text-editor.default\">\n\t\t\t\t<div class=\"elementor-widget-container\">\n\t\t\t\t\t\t\t\t\t<p>This privacy statement was last updated on October 1, 2024, and applies to citizens and permanent legal residents of the European Economic Area.<\/p><p>En esta declaraci\u00f3n de privacidad, explicamos lo que hacemos con los datos que obtenemos sobre usted a trav\u00e9s de gruposet.com. Le recomendamos que lea atentamente esta declaraci\u00f3n. En nuestro procesamiento cumplimos con los requisitos de la legislaci\u00f3n de privacidad. Lo que significa, entre otras cosas, que:<\/p><ul><li>We clearly state the purposes for which we process personal data. We do this through this privacy statement.<\/li><li>Our aim is to limit our collection of personal data to only what is necessary for legitimate purposes.<\/li><li>We first ask for your explicit consent to process your personal data in cases where consent is required.<\/li><li>We take appropriate security measures to protect your personal data, and we also require this from parties that process personal data on our behalf.<\/li><li>We respect your right to access, rectify, or delete your personal data upon request.<\/li><\/ul><p>If you have any questions or wish to know exactly what data we hold about you, please contact us.<\/p><p><strong>1. Cookies<br \/><\/strong><\/p><p>Our website uses cookies. For more information about cookies, please refer to our Cookie Policy Statement.<br \/><strong><br \/>2. Security<br \/><\/strong><\/p><p>We are committed to safeguarding personal data. We take appropriate security measures to limit abuse and unauthorized access to personal data. This ensures that only necessary individuals have access to your data, access is protected, and our security measures are regularly reviewed.<\/p><p><strong>3. Third-party websites<br \/><\/strong><\/p><p>This privacy statement does not apply to third-party websites connected via links on our website. We cannot guarantee that these third parties handle your personal data reliably or securely. We recommend reading the privacy statements of these websites before using them.<\/p><p><strong>4. Privacy and changes to this privacy statement<\/strong><\/p><p>We reserve the right to make amendments to this privacy statement. It is recommended that you review this privacy statement regularly to stay informed of any changes. Additionally, we will inform you actively whenever possible.<\/p><p><strong>5. Access and modification of your data<\/strong><\/p><p>If you have any questions or wish to know what personal data we hold about you, please contact us. You can reach us using the contact information below. You have the following rights:<\/p><p>You have the right to know why your personal data is needed, what will happen to it, and how long it will be retained.<\/p><ul><li><strong>Right of access:<\/strong> You have the right to access the personal data we hold about you.<\/li><li><strong>Right to rectification:<\/strong> You have the right to complete, correct, delete, or block your personal data at any time.<\/li><\/ul><p>If you give us your consent to process your data, you have the right to revoke that consent and have your personal data deleted.<\/p><ul><li class=\"translation-block\"><strong>Right to data portability:<\/strong> You have the right to request all your personal data from the controller and transfer it in full to another controller.<\/li><li class=\"translation-block\"><strong>Right to object:<\/strong> You can object to the processing of your data. We comply with this, unless there are justified grounds for processing.<\/li><\/ul><p>Please make sure to always clearly identify yourself, so we can ensure that we do not modify or delete the wrong person's data.<\/p><p><strong>6. Filing a complaint<\/strong><\/p><p>If you are not satisfied with the way we handle or process your personal data, you have the right to submit a complaint to the Data Protection Authority.<\/p><p><strong>Contact details<\/strong><\/p><p>GRUPO SET<br \/>Carretera Soller (KM7), Palma, 07120, Baleares, Spain<\/p><p>Sitio web: www.gruposet.com<br \/>Email: <a href=\"mailto:info@gruposet.com\" target=\"_blank\" rel=\"noopener noreferrer\" aria-haspopup=\"menu\" aria-describedby=\"sk-tooltip-1829\">info@gruposet.com<\/a><\/p>\t\t\t\t\t\t\t\t<\/div>\n\t\t\t\t<\/div>\n\t\t\t\t<\/div>\n\t\t\t\t<\/div>","protected":false},"excerpt":{"rendered":"<p>Pol\u00edtica de privacidad Esta declaraci\u00f3n de privacidad se actualiz\u00f3 por \u00faltima vez el 1 de octubre de 2024 y se aplica a los ciudadanos y residentes legales permanentes del Espacio Econ\u00f3mico Europeo. En esta declaraci\u00f3n de privacidad, explicamos lo que hacemos con los datos que obtenemos sobre usted a trav\u00e9s de gruposet.com. Le recomendamos que [&hellip;]<\/p>","protected":false},"author":1,"featured_media":0,"parent":0,"menu_order":0,"comment_status":"closed","ping_status":"closed","template":"","meta":{"_acf_changed":false,"footnotes":""},"class_list":["post-1020","page","type-page","status-publish","hentry"],"acf":[],"_links":{"self":[{"href":"https:\/\/gruposet.com\/en\/wp-json\/wp\/v2\/pages\/1020","targetHints":{"allow":["GET"]}}],"collection":[{"href":"https:\/\/gruposet.com\/en\/wp-json\/wp\/v2\/pages"}],"about":[{"href":"https:\/\/gruposet.com\/en\/wp-json\/wp\/v2\/types\/page"}],"author":[{"embeddable":true,"href":"https:\/\/gruposet.com\/en\/wp-json\/wp\/v2\/users\/1"}],"replies":[{"embeddable":true,"href":"https:\/\/gruposet.com\/en\/wp-json\/wp\/v2\/comments?post=1020"}],"version-history":[{"count":49,"href":"https:\/\/gruposet.com\/en\/wp-json\/wp\/v2\/pages\/1020\/revisions"}],"predecessor-version":[{"id":4058,"href":"https:\/\/gruposet.com\/en\/wp-json\/wp\/v2\/pages\/1020\/revisions\/4058"}],"wp:attachment":[{"href":"https:\/\/gruposet.com\/en\/wp-json\/wp\/v2\/media?parent=1020"}],"curies":[{"name":"wp","href":"https:\/\/api.w.org\/{rel}","templated":true}]}}